{"id":2147,"date":"2023-07-26T11:57:27","date_gmt":"2023-07-26T10:57:27","guid":{"rendered":"https:\/\/soenfuste.pt\/?page_id=2147"},"modified":"2023-07-26T16:03:14","modified_gmt":"2023-07-26T15:03:14","slug":"composicoes","status":"publish","type":"page","link":"https:\/\/soenfuste.pt\/en\/composicoes\/","title":{"rendered":"Compositions"},"content":{"rendered":"<div class=\"wp-block-qubely-row alignfull qubely-section qubely-block-1cad83 qubely-section-parallax\" data-block-type=\"core\"><div class=\"qubely-row-overlay\"><\/div><div class=\"qubely-container\"><div class=\"qubely-row\">\n<div class=\"wp-block-qubely-column qubely-column qubely-column-front qubely-block-bc0c21\"><div class=\"qubely-column-inner\">\n<div class=\"wp-block-qubely-heading qubely-block-ff8a49\"><div class=\"qubely-block-heading\"><div class=\"qubely-heading-container\"><h2 class=\"qubely-heading-selector\">Get the best material<br>for your insoles<\/h2><\/div><h4 class=\"qubely-sub-heading-selector\">CUSTOMIZED COMPOSITIONS LAMINATED SHEETS\/ STRIPS AND SANDWICHS<\/h4><\/div><\/div>\n<\/div><\/div>\n\n\n\n<div class=\"wp-block-qubely-column qubely-column qubely-column-front qubely-block-44051f\"><div class=\"qubely-column-inner\"><\/div><\/div>\n<\/div><\/div><\/div>\n\n\n\n<div class=\"wp-block-getwid-section alignfull alignfull getwid-margin-top-none getwid-margin-bottom-none\"><div class=\"wp-block-getwid-section__wrapper\" style=\"min-height:100vh\"><div class=\"wp-block-getwid-section__inner-wrapper\"><div class=\"wp-block-getwid-section__background-holder\"><div class=\"wp-block-getwid-section__background has-background has-palette-color-8-background-color\"><\/div><div class=\"wp-block-getwid-section__foreground\"><\/div><\/div><div class=\"wp-block-getwid-section__content\"><div class=\"wp-block-getwid-section__inner-content\">\n<div class=\"wp-block-qubely-heading qubely-block-9970b9\"><div class=\"qubely-block-heading\"><div class=\"qubely-heading-container\"><h2 class=\"qubely-heading-selector\"><strong>We offer you a complete creation service.<br>Our team of specialists will advise you on obtaining the material that best suits the needs of your product.<\/strong><\/h2><\/div><\/div><\/div>\n\n\n\n<div class=\"wp-block-qubely-image qubely-block-5e3b82\"><div class=\"qubely-block-image  qubely-image-layout-simple\"><div class=\"qubely-image-media qubely-vertical-alignment-center qubely-horizontal-alignment-center\"><figure><div class=\"qubely-image-container\"><img decoding=\"async\" class=\"qubely-image-image\" src=\"https:\/\/soenfuste.pt\/wp-content\/uploads\/2023\/07\/composicoes-personalizadas-soenfuste.jpg\" alt=\"\"\/><\/div><\/figure><\/div><\/div><\/div>\n\n\n\n<div class=\"wp-block-columns is-layout-flex wp-container-6\" data-block-type=\"core\">\n<div class=\"wp-block-column is-layout-flow\" style=\"flex-basis:20%\" data-block-type=\"core\">\n<p class=\"has-text-align-center\" style=\"text-transform:uppercase\" data-block-type=\"core\">1 - Perspiration<\/p>\n<\/div>\n\n\n\n<div class=\"wp-block-column is-vertically-aligned-center is-layout-flow\" style=\"flex-basis:20%\" data-block-type=\"core\">\n<p class=\"has-text-align-center\" style=\"text-transform:uppercase\" data-block-type=\"core\">2 - Flexibility<\/p>\n<\/div>\n\n\n\n<div class=\"wp-block-column is-vertically-aligned-center is-layout-flow\" style=\"flex-basis:20%\" data-block-type=\"core\">\n<p class=\"has-text-align-center\" style=\"text-transform:uppercase\" data-block-type=\"core\">3 - Comfort<\/p>\n<\/div>\n\n\n\n<div class=\"wp-block-column is-vertically-aligned-center is-layout-flow\" style=\"flex-basis:20%\" data-block-type=\"core\">\n<p class=\"has-text-align-center\" style=\"text-transform:uppercase\" data-block-type=\"core\">4 - Durability<\/p>\n<\/div>\n\n\n\n<div class=\"wp-block-column is-vertically-aligned-center is-layout-flow\" style=\"flex-basis:20%\" data-block-type=\"core\">\n<p class=\"has-text-align-center\" style=\"text-transform:uppercase\" data-block-type=\"core\">5 - Firmness<\/p>\n<\/div>\n<\/div>\n<\/div><\/div><\/div><\/div><\/div>\n\n\n\n<div class=\"wp-block-getwid-section alignfull getwid-margin-top-none getwid-margin-bottom-none\"><div class=\"wp-block-getwid-section__wrapper\" style=\"min-height:50vh\"><div class=\"wp-block-getwid-section__inner-wrapper\"><div class=\"wp-block-getwid-section__background-holder\"><div class=\"wp-block-getwid-section__background has-background has-palette-color-8-background-color\" style=\"background-image:url('https:\/\/soenfuste.pt\/wp-content\/uploads\/2023\/07\/placas-tiras-laminadas-sandwichs-soenfuste.jpg');background-position:top left;background-repeat:no-repeat\"><div class=\"wp-block-getwid-section__background-image-wrapper\"><img decoding=\"async\" class=\"wp-block-getwid-section__background-image\" src=\"https:\/\/soenfuste.pt\/wp-content\/uploads\/2023\/07\/placas-tiras-laminadas-sandwichs-soenfuste.jpg\" alt=\"\"\/><\/div><\/div><div class=\"wp-block-getwid-section__foreground\" style=\"opacity:0.5;background-color:#d3ced3;mix-blend-mode:\"><\/div><\/div><div class=\"wp-block-getwid-section__content\"><div class=\"wp-block-getwid-section__inner-content\">\n<div class=\"wp-block-qubely-heading qubely-block-c4e529\"><div class=\"qubely-block-heading\"><div class=\"qubely-heading-container\"><h2 class=\"qubely-heading-selector\"><strong>INFINITY OF COMPOSITIONS<\/strong><\/h2><\/div><h3 class=\"qubely-sub-heading-selector\">WE ADAPT TO YOU AND YOUR SHOES<br>Product Made in Portugal<\/h3><\/div><\/div>\n<\/div><\/div><\/div><\/div><\/div>\n\n\n\n<div class=\"wp-block-getwid-section alignfull alignfull\"><div class=\"wp-block-getwid-section__wrapper\"><div class=\"wp-block-getwid-section__inner-wrapper\"><div class=\"wp-block-getwid-section__background-holder\"><div class=\"wp-block-getwid-section__background\"><\/div><div class=\"wp-block-getwid-section__foreground\"><\/div><\/div><div class=\"wp-block-getwid-section__content\"><div class=\"wp-block-getwid-section__inner-content\">\n<div class=\"wp-block-columns is-layout-flex wp-container-15\" data-block-type=\"core\">\n<div class=\"wp-block-column is-layout-flow\" data-block-type=\"core\">\n<div class=\"wp-block-qubely-heading qubely-block-1c40cc\"><div class=\"qubely-block-heading\"><div class=\"qubely-heading-container\"><h2 class=\"qubely-heading-selector\">INSOLE BASE<\/h2><\/div><\/div><\/div>\n\n\n\n<div class=\"wp-block-columns is-layout-flex wp-container-9\" data-block-type=\"core\">\n<div class=\"wp-block-column is-layout-flow\" data-block-type=\"core\">\n<div class=\"wp-block-qubely-image qubely-block-fe9989\"><div class=\"qubely-block-image  qubely-image-layout-simple\"><div class=\"qubely-image-media qubely-vertical-alignment-center qubely-horizontal-alignment-center\"><figure><div class=\"qubely-image-container\"><img decoding=\"async\" class=\"qubely-image-image\" src=\"https:\/\/soenfuste.pt\/wp-content\/uploads\/2023\/07\/placa-celulose-soenfuste.png\" alt=\"\"\/><\/div><figcaption class=\"qubely-image-caption\">CELLULOSE<\/figcaption><\/figure><\/div><\/div><\/div>\n<\/div>\n\n\n\n<div class=\"wp-block-column is-layout-flow\" data-block-type=\"core\">\n<div class=\"wp-block-qubely-image qubely-block-80a7bf\"><div class=\"qubely-block-image  qubely-image-layout-simple\"><div class=\"qubely-image-media qubely-vertical-alignment-center qubely-horizontal-alignment-center\"><figure><div class=\"qubely-image-container\"><img decoding=\"async\" class=\"qubely-image-image\" src=\"https:\/\/soenfuste.pt\/wp-content\/uploads\/2023\/07\/placa-nao-tecido-soenfuste.png\" alt=\"\"\/><\/div><figcaption class=\"qubely-image-caption\">NON WOVEN<\/figcaption><\/figure><\/div><\/div><\/div>\n<\/div>\n<\/div>\n<\/div>\n\n\n\n<div class=\"wp-block-column is-layout-flow\" data-block-type=\"core\">\n<div class=\"wp-block-qubely-heading qubely-block-496043\"><div class=\"qubely-block-heading\"><div class=\"qubely-heading-container\"><h2 class=\"qubely-heading-selector\">REINFORCEMENT<\/h2><\/div><\/div><\/div>\n\n\n\n<div class=\"wp-block-columns is-layout-flex wp-container-13\" data-block-type=\"core\">\n<div class=\"wp-block-column is-layout-flow\" data-block-type=\"core\">\n<div class=\"wp-block-qubely-image qubely-block-b5b647\"><div class=\"qubely-block-image  qubely-image-layout-simple\"><div class=\"qubely-image-media qubely-vertical-alignment-center qubely-horizontal-alignment-center\"><figure><div class=\"qubely-image-container\"><img decoding=\"async\" class=\"qubely-image-image\" src=\"https:\/\/soenfuste.pt\/wp-content\/uploads\/2023\/07\/placa-fibra-soenfuste.png\" alt=\"\"\/><\/div><figcaption class=\"qubely-image-caption\">FIBER<\/figcaption><\/figure><\/div><\/div><\/div>\n<\/div>\n\n\n\n<div class=\"wp-block-column is-layout-flow\" data-block-type=\"core\">\n<div class=\"wp-block-qubely-image qubely-block-68a67d\"><div class=\"qubely-block-image  qubely-image-layout-simple\"><div class=\"qubely-image-media qubely-vertical-alignment-center qubely-horizontal-alignment-center\"><figure><div class=\"qubely-image-container\"><img decoding=\"async\" class=\"qubely-image-image\" src=\"https:\/\/soenfuste.pt\/wp-content\/uploads\/2023\/07\/placa-cartao-soenfuste.png\" alt=\"\"\/><\/div><figcaption class=\"qubely-image-caption\">SHANK BOARD<\/figcaption><\/figure><\/div><\/div><\/div>\n<\/div>\n<\/div>\n<\/div>\n<\/div>\n<\/div><\/div><\/div><\/div><\/div>\n\n\n\n<div class=\"wp-block-getwid-section alignfull alignfull\"><div class=\"wp-block-getwid-section__wrapper\"><div class=\"wp-block-getwid-section__inner-wrapper\"><div class=\"wp-block-getwid-section__background-holder\"><div class=\"wp-block-getwid-section__background\"><\/div><div class=\"wp-block-getwid-section__foreground\"><\/div><\/div><div class=\"wp-block-getwid-section__content\"><div class=\"wp-block-getwid-section__inner-content\">\n<div class=\"wp-block-columns is-layout-flex wp-container-21\" data-block-type=\"core\">\n<div class=\"wp-block-column is-layout-flow\" data-block-type=\"core\">\n<div class=\"wp-block-qubely-heading qubely-block-1bb6f9\"><div class=\"qubely-block-heading\"><div class=\"qubely-heading-container\"><h2 class=\"qubely-heading-selector\">COMFORT<\/h2><\/div><\/div><\/div>\n\n\n\n<div class=\"wp-block-columns is-layout-flex wp-container-19\" data-block-type=\"core\">\n<div class=\"wp-block-column is-layout-flow\" data-block-type=\"core\">\n<div class=\"wp-block-qubely-image qubely-block-4aee4b\"><div class=\"qubely-block-image  qubely-image-layout-simple\"><div class=\"qubely-image-media qubely-vertical-alignment-center qubely-horizontal-alignment-center\"><figure><div class=\"qubely-image-container\"><img decoding=\"async\" class=\"qubely-image-image\" src=\"https:\/\/soenfuste.pt\/wp-content\/uploads\/2023\/07\/placa-eva-soenfuste.png\" alt=\"\"\/><\/div><figcaption class=\"qubely-image-caption\">E.V.A.<\/figcaption><\/figure><\/div><\/div><\/div>\n<\/div>\n\n\n\n<div class=\"wp-block-column is-layout-flow\" data-block-type=\"core\">\n<div class=\"wp-block-qubely-image qubely-block-5ed6da\"><div class=\"qubely-block-image  qubely-image-layout-simple\"><div class=\"qubely-image-media qubely-vertical-alignment-center qubely-horizontal-alignment-center\"><figure><div class=\"qubely-image-container\"><img decoding=\"async\" class=\"qubely-image-image\" src=\"https:\/\/soenfuste.pt\/wp-content\/uploads\/2023\/07\/placa-latex-soenfuste.png\" alt=\"\"\/><\/div><figcaption class=\"qubely-image-caption\">LATEX FOAM<\/figcaption><\/figure><\/div><\/div><\/div>\n<\/div>\n\n\n\n<div class=\"wp-block-column is-layout-flow\" data-block-type=\"core\">\n<div class=\"wp-block-qubely-image qubely-block-ad5e15\"><div class=\"qubely-block-image  qubely-image-layout-simple\"><div class=\"qubely-image-media qubely-vertical-alignment-center qubely-horizontal-alignment-center\"><figure><div class=\"qubely-image-container\"><img decoding=\"async\" class=\"qubely-image-image\" src=\"https:\/\/soenfuste.pt\/wp-content\/uploads\/2023\/07\/placa-poliuretano-soenfuste.png\" alt=\"\"\/><\/div><figcaption class=\"qubely-image-caption\">POLYURETHANE<\/figcaption><\/figure><\/div><\/div><\/div>\n<\/div>\n<\/div>\n<\/div>\n<\/div>\n<\/div><\/div><\/div><\/div><\/div>\n\n\n\n<div class=\"wp-block-getwid-section alignfull alignfull getwid-margin-top-none getwid-margin-bottom-none\"><div class=\"wp-block-getwid-section__wrapper\" style=\"min-height:30vh\"><div class=\"wp-block-getwid-section__inner-wrapper\"><div class=\"wp-block-getwid-section__background-holder\"><div class=\"wp-block-getwid-section__background has-background has-palette-color-8-background-color\"><\/div><div class=\"wp-block-getwid-section__foreground\"><\/div><\/div><div class=\"wp-block-getwid-section__content\"><div class=\"wp-block-getwid-section__inner-content\">\n<div class=\"wp-block-qubely-image qubely-block-eac886\"><div class=\"qubely-block-image  qubely-image-layout-simple\"><div class=\"qubely-image-media qubely-vertical-alignment-center qubely-horizontal-alignment-center\"><figure><div class=\"qubely-image-container\"><img decoding=\"async\" class=\"qubely-image-image\" src=\"https:\/\/soenfuste.pt\/wp-content\/uploads\/2023\/07\/palmilhas-soenfuste.jpg\" alt=\"\"\/><\/div><\/figure><\/div><\/div><\/div>\n<\/div><\/div><\/div><\/div><\/div>","protected":false},"excerpt":{"rendered":"","protected":false},"author":1,"featured_media":2150,"parent":0,"menu_order":2,"comment_status":"closed","ping_status":"closed","template":"","meta":{"qubely_global_settings":"","qubely_interactions":""},"blocksy_meta":{"styles_descriptor":{"styles":{"desktop":"","tablet":"","mobile":""},"google_fonts":[]}},"featured_image_urls":{"full":["https:\/\/soenfuste.pt\/wp-content\/uploads\/2023\/07\/DSC_0277parallax.min_.jpg",1920,1272,false],"thumbnail":["https:\/\/soenfuste.pt\/wp-content\/uploads\/2023\/07\/DSC_0277parallax.min_-150x150.jpg",150,150,true],"medium":["https:\/\/soenfuste.pt\/wp-content\/uploads\/2023\/07\/DSC_0277parallax.min_-300x199.jpg",300,199,true],"medium_large":["https:\/\/soenfuste.pt\/wp-content\/uploads\/2023\/07\/DSC_0277parallax.min_-768x509.jpg",768,509,true],"large":["https:\/\/soenfuste.pt\/wp-content\/uploads\/2023\/07\/DSC_0277parallax.min_-1630x1080.jpg",1290,855,true],"1536x1536":["https:\/\/soenfuste.pt\/wp-content\/uploads\/2023\/07\/DSC_0277parallax.min_-1536x1018.jpg",1536,1018,true],"2048x2048":["https:\/\/soenfuste.pt\/wp-content\/uploads\/2023\/07\/DSC_0277parallax.min_.jpg",1920,1272,false],"trp-custom-language-flag":["https:\/\/soenfuste.pt\/wp-content\/uploads\/2023\/07\/DSC_0277parallax.min_-18x12.jpg",18,12,true],"qubely_landscape":["https:\/\/soenfuste.pt\/wp-content\/uploads\/2023\/07\/DSC_0277parallax.min_-1200x750.jpg",1200,750,true],"qubely_portrait":["https:\/\/soenfuste.pt\/wp-content\/uploads\/2023\/07\/DSC_0277parallax.min_-540x320.jpg",540,320,true],"qubely_thumbnail":["https:\/\/soenfuste.pt\/wp-content\/uploads\/2023\/07\/DSC_0277parallax.min_-140x100.jpg",140,100,true]},"post_excerpt_stackable":"<p>Obtenha o melhor materialpara as suas palmilhasCOMPOSI\u00c7\u00d5ES PERSONALIZADAS DE PLACAS \/ TIRAS LAMINADAS E SANDWICHS Oferecemos-lhe um servi\u00e7o de cria\u00e7\u00e3o completo.A nossa equipa de especialistas ir\u00e1 aconselh\u00e1-lo a obter o material que melhor se adapta \u00e0s necessidades do seu produto. 1 &#8211; transpira\u00e7\u00e3o 2 &#8211; flexibilidade 3 &#8211; conforto 4 &#8211; durabilidade 5 &#8211; firmeza COMPOSI\u00c7\u00d5ES INFINITASADAPTAMO-NOS A SI E AO SEU SAPATOProduto feito em Portugal PALMILHA BASE CELULOSE N\u00c3O TECIDO REFOR\u00c7O FIBRA CART\u00c3O CONFORTO E.V.A. ESPUMA L\u00c1TEX POLIURETANO<\/p>\n","category_list":"","author_info":{"name":"Soenfuste","url":"https:\/\/soenfuste.pt\/en\/author\/sf_wpuser\/"},"comments_num":"0 comments","featured_image_urls_v2":{"full":["https:\/\/soenfuste.pt\/wp-content\/uploads\/2023\/07\/DSC_0277parallax.min_.jpg",1920,1272,false],"thumbnail":["https:\/\/soenfuste.pt\/wp-content\/uploads\/2023\/07\/DSC_0277parallax.min_-150x150.jpg",150,150,true],"medium":["https:\/\/soenfuste.pt\/wp-content\/uploads\/2023\/07\/DSC_0277parallax.min_-300x199.jpg",300,199,true],"medium_large":["https:\/\/soenfuste.pt\/wp-content\/uploads\/2023\/07\/DSC_0277parallax.min_-768x509.jpg",768,509,true],"large":["https:\/\/soenfuste.pt\/wp-content\/uploads\/2023\/07\/DSC_0277parallax.min_-1630x1080.jpg",1290,855,true],"1536x1536":["https:\/\/soenfuste.pt\/wp-content\/uploads\/2023\/07\/DSC_0277parallax.min_-1536x1018.jpg",1536,1018,true],"2048x2048":["https:\/\/soenfuste.pt\/wp-content\/uploads\/2023\/07\/DSC_0277parallax.min_.jpg",1920,1272,false],"trp-custom-language-flag":["https:\/\/soenfuste.pt\/wp-content\/uploads\/2023\/07\/DSC_0277parallax.min_-18x12.jpg",18,12,true],"qubely_landscape":["https:\/\/soenfuste.pt\/wp-content\/uploads\/2023\/07\/DSC_0277parallax.min_-1200x750.jpg",1200,750,true],"qubely_portrait":["https:\/\/soenfuste.pt\/wp-content\/uploads\/2023\/07\/DSC_0277parallax.min_-540x320.jpg",540,320,true],"qubely_thumbnail":["https:\/\/soenfuste.pt\/wp-content\/uploads\/2023\/07\/DSC_0277parallax.min_-140x100.jpg",140,100,true]},"post_excerpt_stackable_v2":"<p>Obtenha o melhor materialpara as suas palmilhasCOMPOSI\u00c7\u00d5ES PERSONALIZADAS DE PLACAS \/ TIRAS LAMINADAS E SANDWICHS Oferecemos-lhe um servi\u00e7o de cria\u00e7\u00e3o completo.A nossa equipa de especialistas ir\u00e1 aconselh\u00e1-lo a obter o material que melhor se adapta \u00e0s necessidades do seu produto. 1 &#8211; transpira\u00e7\u00e3o 2 &#8211; flexibilidade 3 &#8211; conforto 4 &#8211; durabilidade 5 &#8211; firmeza COMPOSI\u00c7\u00d5ES INFINITASADAPTAMO-NOS A SI E AO SEU SAPATOProduto feito em Portugal PALMILHA BASE CELULOSE N\u00c3O TECIDO REFOR\u00c7O FIBRA CART\u00c3O CONFORTO E.V.A. ESPUMA L\u00c1TEX POLIURETANO<\/p>\n","category_list_v2":"","author_info_v2":{"name":"Soenfuste","url":"https:\/\/soenfuste.pt\/en\/author\/sf_wpuser\/"},"comments_num_v2":"0 comments","yoast_head":"<!-- This site is optimized with the Yoast SEO plugin v20.11 - https:\/\/yoast.com\/wordpress\/plugins\/seo\/ -->\n<title>Composi\u00e7\u00f5es | SOENFUSTE<\/title>\n<meta name=\"description\" content=\"Design e a produ\u00e7\u00e3o de almas de a\u00e7o para cal\u00e7ado e componentes para a fabrica\u00e7\u00e3o de palmilhas. Almas, Chapas, Placas de Celulose, Cart\u00e3o Fibra, Redoma, Eva.\" \/>\n<meta name=\"robots\" content=\"index, follow, max-snippet:-1, max-image-preview:large, max-video-preview:-1\" \/>\n<link rel=\"canonical\" href=\"https:\/\/soenfuste.pt\/en\/composicoes\/\" \/>\n<meta property=\"og:locale\" content=\"en_US\" \/>\n<meta property=\"og:type\" content=\"article\" \/>\n<meta property=\"og:title\" content=\"Composi\u00e7\u00f5es | SOENFUSTE\" \/>\n<meta property=\"og:description\" content=\"Design e a produ\u00e7\u00e3o de almas de a\u00e7o para cal\u00e7ado e componentes para a fabrica\u00e7\u00e3o de palmilhas. Almas, Chapas, Placas de Celulose, Cart\u00e3o Fibra, Redoma, Eva.\" \/>\n<meta property=\"og:url\" content=\"https:\/\/soenfuste.pt\/en\/composicoes\/\" \/>\n<meta property=\"og:site_name\" content=\"SOENFUSTE\" \/>\n<meta property=\"article:modified_time\" content=\"2023-07-26T15:03:14+00:00\" \/>\n<meta property=\"og:image\" content=\"https:\/\/soenfuste.pt\/wp-content\/uploads\/2023\/07\/DSC_0277parallax.min_.jpg\" \/>\n\t<meta property=\"og:image:width\" content=\"1920\" \/>\n\t<meta property=\"og:image:height\" content=\"1272\" \/>\n\t<meta property=\"og:image:type\" content=\"image\/jpeg\" \/>\n<meta name=\"twitter:card\" content=\"summary_large_image\" \/>\n<meta name=\"twitter:label1\" content=\"Est. reading time\" \/>\n\t<meta name=\"twitter:data1\" content=\"3 minutes\" \/>\n<script type=\"application\/ld+json\" class=\"yoast-schema-graph\">{\"@context\":\"https:\/\/schema.org\",\"@graph\":[{\"@type\":\"WebPage\",\"@id\":\"https:\/\/soenfuste.pt\/composicoes\/\",\"url\":\"https:\/\/soenfuste.pt\/composicoes\/\",\"name\":\"Composi\u00e7\u00f5es | SOENFUSTE\",\"isPartOf\":{\"@id\":\"https:\/\/soenfuste.pt\/#website\"},\"datePublished\":\"2023-07-26T10:57:27+00:00\",\"dateModified\":\"2023-07-26T15:03:14+00:00\",\"description\":\"Design e a produ\u00e7\u00e3o de almas de a\u00e7o para cal\u00e7ado e componentes para a fabrica\u00e7\u00e3o de palmilhas. Almas, Chapas, Placas de Celulose, Cart\u00e3o Fibra, Redoma, Eva.\",\"breadcrumb\":{\"@id\":\"https:\/\/soenfuste.pt\/composicoes\/#breadcrumb\"},\"inLanguage\":\"en-US\",\"potentialAction\":[{\"@type\":\"ReadAction\",\"target\":[\"https:\/\/soenfuste.pt\/composicoes\/\"]}]},{\"@type\":\"BreadcrumbList\",\"@id\":\"https:\/\/soenfuste.pt\/composicoes\/#breadcrumb\",\"itemListElement\":[{\"@type\":\"ListItem\",\"position\":1,\"name\":\"In\u00edcio\",\"item\":\"https:\/\/soenfuste.pt\/\"},{\"@type\":\"ListItem\",\"position\":2,\"name\":\"Composi\u00e7\u00f5es\"}]},{\"@type\":\"WebSite\",\"@id\":\"https:\/\/soenfuste.pt\/#website\",\"url\":\"https:\/\/soenfuste.pt\/\",\"name\":\"SOENFUSTE\",\"description\":\"Fabrico de Almas para Cal\u00e7ado\",\"publisher\":{\"@id\":\"https:\/\/soenfuste.pt\/#organization\"},\"potentialAction\":[{\"@type\":\"SearchAction\",\"target\":{\"@type\":\"EntryPoint\",\"urlTemplate\":\"https:\/\/soenfuste.pt\/?s={search_term_string}\"},\"query-input\":\"required name=search_term_string\"}],\"inLanguage\":\"en-US\"},{\"@type\":\"Organization\",\"@id\":\"https:\/\/soenfuste.pt\/#organization\",\"name\":\"Soenfuste\",\"url\":\"https:\/\/soenfuste.pt\/\",\"logo\":{\"@type\":\"ImageObject\",\"inLanguage\":\"en-US\",\"@id\":\"https:\/\/soenfuste.pt\/#\/schema\/logo\/image\/\",\"url\":\"https:\/\/soenfuste.pt\/wp-content\/uploads\/2021\/08\/logo-preto-2021.png\",\"contentUrl\":\"https:\/\/soenfuste.pt\/wp-content\/uploads\/2021\/08\/logo-preto-2021.png\",\"width\":372,\"height\":103,\"caption\":\"Soenfuste\"},\"image\":{\"@id\":\"https:\/\/soenfuste.pt\/#\/schema\/logo\/image\/\"}}]}<\/script>\n<!-- \/ Yoast SEO plugin. -->","yoast_head_json":{"title":"Composi\u00e7\u00f5es | SOENFUSTE","description":"Design e a produ\u00e7\u00e3o de almas de a\u00e7o para cal\u00e7ado e componentes para a fabrica\u00e7\u00e3o de palmilhas. Almas, Chapas, Placas de Celulose, Cart\u00e3o Fibra, Redoma, Eva.","robots":{"index":"index","follow":"follow","max-snippet":"max-snippet:-1","max-image-preview":"max-image-preview:large","max-video-preview":"max-video-preview:-1"},"canonical":"https:\/\/soenfuste.pt\/en\/composicoes\/","og_locale":"en_US","og_type":"article","og_title":"Composi\u00e7\u00f5es | SOENFUSTE","og_description":"Design e a produ\u00e7\u00e3o de almas de a\u00e7o para cal\u00e7ado e componentes para a fabrica\u00e7\u00e3o de palmilhas. Almas, Chapas, Placas de Celulose, Cart\u00e3o Fibra, Redoma, Eva.","og_url":"https:\/\/soenfuste.pt\/en\/composicoes\/","og_site_name":"SOENFUSTE","article_modified_time":"2023-07-26T15:03:14+00:00","og_image":[{"width":1920,"height":1272,"url":"https:\/\/soenfuste.pt\/wp-content\/uploads\/2023\/07\/DSC_0277parallax.min_.jpg","type":"image\/jpeg"}],"twitter_card":"summary_large_image","twitter_misc":{"Est. reading time":"3 minutes"},"schema":{"@context":"https:\/\/schema.org","@graph":[{"@type":"WebPage","@id":"https:\/\/soenfuste.pt\/composicoes\/","url":"https:\/\/soenfuste.pt\/composicoes\/","name":"Composi\u00e7\u00f5es | SOENFUSTE","isPartOf":{"@id":"https:\/\/soenfuste.pt\/#website"},"datePublished":"2023-07-26T10:57:27+00:00","dateModified":"2023-07-26T15:03:14+00:00","description":"Design e a produ\u00e7\u00e3o de almas de a\u00e7o para cal\u00e7ado e componentes para a fabrica\u00e7\u00e3o de palmilhas. Almas, Chapas, Placas de Celulose, Cart\u00e3o Fibra, Redoma, Eva.","breadcrumb":{"@id":"https:\/\/soenfuste.pt\/composicoes\/#breadcrumb"},"inLanguage":"en-US","potentialAction":[{"@type":"ReadAction","target":["https:\/\/soenfuste.pt\/composicoes\/"]}]},{"@type":"BreadcrumbList","@id":"https:\/\/soenfuste.pt\/composicoes\/#breadcrumb","itemListElement":[{"@type":"ListItem","position":1,"name":"In\u00edcio","item":"https:\/\/soenfuste.pt\/"},{"@type":"ListItem","position":2,"name":"Composi\u00e7\u00f5es"}]},{"@type":"WebSite","@id":"https:\/\/soenfuste.pt\/#website","url":"https:\/\/soenfuste.pt\/","name":"SOENFUSTE","description":"Fabrico de Almas para Cal\u00e7ado","publisher":{"@id":"https:\/\/soenfuste.pt\/#organization"},"potentialAction":[{"@type":"SearchAction","target":{"@type":"EntryPoint","urlTemplate":"https:\/\/soenfuste.pt\/?s={search_term_string}"},"query-input":"required name=search_term_string"}],"inLanguage":"en-US"},{"@type":"Organization","@id":"https:\/\/soenfuste.pt\/#organization","name":"Soenfuste","url":"https:\/\/soenfuste.pt\/","logo":{"@type":"ImageObject","inLanguage":"en-US","@id":"https:\/\/soenfuste.pt\/#\/schema\/logo\/image\/","url":"https:\/\/soenfuste.pt\/wp-content\/uploads\/2021\/08\/logo-preto-2021.png","contentUrl":"https:\/\/soenfuste.pt\/wp-content\/uploads\/2021\/08\/logo-preto-2021.png","width":372,"height":103,"caption":"Soenfuste"},"image":{"@id":"https:\/\/soenfuste.pt\/#\/schema\/logo\/image\/"}}]}},"_links":{"self":[{"href":"https:\/\/soenfuste.pt\/en\/wp-json\/wp\/v2\/pages\/2147"}],"collection":[{"href":"https:\/\/soenfuste.pt\/en\/wp-json\/wp\/v2\/pages"}],"about":[{"href":"https:\/\/soenfuste.pt\/en\/wp-json\/wp\/v2\/types\/page"}],"author":[{"embeddable":true,"href":"https:\/\/soenfuste.pt\/en\/wp-json\/wp\/v2\/users\/1"}],"replies":[{"embeddable":true,"href":"https:\/\/soenfuste.pt\/en\/wp-json\/wp\/v2\/comments?post=2147"}],"version-history":[{"count":10,"href":"https:\/\/soenfuste.pt\/en\/wp-json\/wp\/v2\/pages\/2147\/revisions"}],"predecessor-version":[{"id":2204,"href":"https:\/\/soenfuste.pt\/en\/wp-json\/wp\/v2\/pages\/2147\/revisions\/2204"}],"wp:featuredmedia":[{"embeddable":true,"href":"https:\/\/soenfuste.pt\/en\/wp-json\/wp\/v2\/media\/2150"}],"wp:attachment":[{"href":"https:\/\/soenfuste.pt\/en\/wp-json\/wp\/v2\/media?parent=2147"}],"curies":[{"name":"wp","href":"https:\/\/api.w.org\/{rel}","templated":true}]}}