{"id":1715,"date":"2021-08-30T17:44:56","date_gmt":"2021-08-30T16:44:56","guid":{"rendered":"https:\/\/soenfuste.pt\/?page_id=1715"},"modified":"2022-02-03T15:15:19","modified_gmt":"2022-02-03T15:15:19","slug":"politica-de-cookies","status":"publish","type":"page","link":"https:\/\/soenfuste.pt\/en\/politica-de-cookies\/","title":{"rendered":"Cookie Policy"},"content":{"rendered":"<div class=\"wp-block-qubely-text qubely-block-11f92c\"><div class=\"qubely-block-text\"><div class=\"qubely-block-text-title-container  qubely-separator-position-top\"><div class=\"qubely-block-text-title-inner\"><h1 class=\"qubely-block-text-title\"><strong>Pol\u00edtica de Cookies da<\/strong>\u00a0Soenfuste<\/h1><\/div><\/div><p>No nosso site recolhemos e utilizamos a informa\u00e7\u00e3o de acordo com a nossa\u00a0<a href=\"https:\/\/soenfuste.pt\/en\/politica-de-privacidade\/\" target=\"_blank\" rel=\"noreferrer noopener\"><strong>Privacy Policy<\/strong><\/a>.<br><br>Uma das formas de recolher informa\u00e7\u00e3o \u00e9 atrav\u00e9s da tecnologia\u00a0<strong>\u201ccookies\u201d<\/strong>.<\/p><\/div><\/div>\n\n\n\n<div class=\"wp-block-qubely-text qubely-block-31c267\"><div class=\"qubely-block-text\"><div class=\"qubely-block-text-title-container  qubely-separator-position-top\"><div class=\"qubely-block-text-title-inner\"><h2 class=\"qubely-block-text-title\"><strong><strong><strong><strong>O que \u00e9 um \u201ccookie\u201d?<\/strong><\/strong><\/strong><\/strong><\/h2><\/div><\/div><p class=\" translation-block\">A \"cookie\" is a small amount of <strong>text<\/strong> that is stored in your <strong>browser<\/strong> when you surf in the internet, which is intended to provide a <strong>better and more personalized browsing experience<\/strong>\u00a0on our website.<\/p><\/div><\/div>\n\n\n\n<div class=\"wp-block-qubely-text qubely-block-f444f0\"><div class=\"qubely-block-text\"><div class=\"qubely-block-text-title-container  qubely-separator-position-top\"><div class=\"qubely-block-text-title-inner\"><h2 class=\"qubely-block-text-title\"><strong><strong><strong><strong><strong>O que n\u00e3o \u00e9 um \u201ccookie\u201d?<\/strong><\/strong><\/strong><\/strong><\/strong><\/h2><\/div><\/div><p class=\" translation-block\">A \"cookie\"<strong> isn't<\/strong>\u00a0a\u00a0<strong>virus<\/strong>, a\u00a0<strong>Trojan horse<\/strong>,\u00a0<strong>spam<\/strong>,\u00a0<strong>spyware<\/strong>,\u00a0<strong>neither does it open pop-up windows<\/strong>.<\/p><\/div><\/div>\n\n\n\n<div class=\"wp-block-qubely-text qubely-block-21361d\"><div class=\"qubely-block-text\"><div class=\"qubely-block-text-title-container  qubely-separator-position-top\"><div class=\"qubely-block-text-title-inner\"><h2 class=\"qubely-block-text-title\"><strong><strong><strong><strong><strong><strong>Que informa\u00e7\u00e3o \u00e9 armazenada pelo \u201ccookie\u201d?<\/strong><\/strong><\/strong><\/strong><\/strong><\/strong><\/h2><\/div><\/div><p class=\" translation-block\">The \u201ccookies\u201d\u00a0<strong>do not store user's confidential information<\/strong>, such as credit cards, bank details or personal documents. Its function is\u00a0<strong>store<\/strong>\u00a0<strong>technical and statistical data<\/strong>,\u00a0<strong>browsing preferences<\/strong>, in order to customize the content.<\/p><\/div><\/div>\n\n\n\n<div class=\"wp-block-qubely-text qubely-block-8ebf89\"><div class=\"qubely-block-text\"><div class=\"qubely-block-text-title-container  qubely-separator-position-top\"><div class=\"qubely-block-text-title-inner\"><h2 class=\"qubely-block-text-title\"><strong><strong><strong><strong><strong><strong>Que &#8220;cookies\u201d utiliza este site?<\/strong><\/strong><\/strong><\/strong><\/strong><\/strong><\/h2><\/div><\/div><p>Usamos \u201ccookies\u201d de terceiros, nomeadamente da\u00a0<strong>Google Analytics<\/strong>, para ajudar a analisar a forma como os utilizadores navegam no nosso site e, consequentemente, melhorar a usabilidade do mesmo.<br><strong>Em nenhum caso se associam dados que possam identificar um utilizador.<\/strong><br><strong>Google Analytics<\/strong>\u00a0\u00e9 um servi\u00e7o anal\u00edtico de web fornecido pela\u00a0<strong>Google Inc.<\/strong>\u00a0Poder\u00e1 consultar em\u00a0<a href=\"https:\/\/policies.google.com\/technologies\/types?hl=pt\" target=\"_blank\" rel=\"noreferrer noopener\"><strong>Google Inc.<\/strong><\/a>\u00a0o tipo de \u201ccookies\u201d que a Google utiliza.<br><br>Como utilizadores da plataforma\u00a0<strong>WordPress<\/strong>, propriedade da empresa\u00a0<strong>Automattic, Inc.<\/strong>, utilizamos tamb\u00e9m \u201ccookies\u201d para ajudar a identificar e acompanhar os utilizadores do nosso site. Poder\u00e1 consultar em\u00a0<a href=\"https:\/\/pt.wordpress.org\/about\/privacy\/cookies\/\" target=\"_blank\" rel=\"noreferrer noopener\"><strong>WordPress<\/strong><\/a>\u00a0o tipo de \u201ccookies\u201d que a\u00a0<strong>Automattic<\/strong>\u00a0utiliza.<br><br>Os \u201ccookies\u201d das\u00a0<strong>redes sociais<\/strong>\u00a0podem tamb\u00e9m armazenar-se no seu browser atrav\u00e9s do nosso site, por exemplo, quando partilha um conte\u00fado nas redes sociais.<br>Para consultar a pol\u00edtica de \u201ccookies\u201d das redes sociais, por favor, consulte a informa\u00e7\u00e3o disponibilizada por cada uma delas.<br><br>Podemos tamb\u00e9m implementar a\u00e7\u00f5es de remarketing atrav\u00e9s da\u00a0<strong>Google AdWords<\/strong>\u00a0e do\u00a0<strong>Facebook Ads<\/strong>\u00a0que utilizam os \u201ccookies\u201d para nos ajudar a apresentar an\u00fancios com base em visitas anteriores ao nosso site.\u00a0<strong>Os \u201ccookies\u201d n\u00e3o cont\u00eam informa\u00e7\u00f5es que possam identificar pessoalmente o utilizador.<\/strong><\/p><\/div><\/div>\n\n\n\n<div class=\"wp-block-qubely-text qubely-block-9a2f49\"><div class=\"qubely-block-text\"><div class=\"qubely-block-text-title-container  qubely-separator-position-top\"><div class=\"qubely-block-text-title-inner\"><h2 class=\"qubely-block-text-title\"><strong><strong><strong><strong><strong><strong>\u00c9 poss\u00edvel eliminar os &#8220;cookies\u201d?<\/strong><\/strong><\/strong><\/strong><\/strong><\/strong><\/h2><\/div><\/div><p>Sim, n\u00e3o apenas\u00a0<strong>eliminar<\/strong>, mas\u00a0<strong>bloquear<\/strong>, de forma geral ou particular para um dom\u00ednio espec\u00edfico.<br><br>Most browsers automatically accept cookies. If the user wishes, he can disable this setting in his browser, with the prejudice of change the way you browse the site, according to the instructions that follow:<br><a href=\"https:\/\/support.google.com\/chrome\/answer\/95647?hl=en\" target=\"_blank\" rel=\"noreferrer noopener\"><strong>Configuration for Google Chrome<\/strong><\/a><br><a href=\"https:\/\/support.apple.com\/en-us\/HT201265\" target=\"_blank\" rel=\"noreferrer noopener\"><strong>Configuration for Apple Safari<\/strong><\/a><br><a href=\"https:\/\/support.microsoft.com\/en-us\/help\/17442\/windows-internet-explorer-delete-manage-cookies#ie=ie-10\" target=\"_blank\" rel=\"noreferrer noopener\"><strong>Configuration for Internet Explorer<\/strong><\/a><br><a href=\"https:\/\/support.mozilla.org\/en-US\/kb\/clear-cookies-and-site-data-firefox\" target=\"_blank\" rel=\"noreferrer noopener\"><strong>Configuration for Mozilla Firefox<\/strong><\/a><br><br>O utilizador poder\u00e1 consultar mais informa\u00e7\u00f5es sobre \u201ccookies\u201d em\u00a0<a href=\"http:\/\/www.aboutcookies.org\/\" target=\"_blank\" rel=\"noreferrer noopener\"><strong>About Cookies<\/strong><\/a>.<\/p><\/div><\/div>\n\n\n\n<div class=\"wp-block-qubely-heading qubely-block-471624\"><div class=\"qubely-block-heading\"><div class=\"qubely-heading-container\"><h2 class=\"qubely-heading-selector\">Cookie Declaration<\/h2><\/div><\/div><\/div>\n\n\n<p data-block-type=\"core\"><div class=\"cli_user_consent_state\">O seu estado actual: N\u00e3o foi dado consentimento. <a class=\"cli_manage_current_consent\" style=\"cursor:pointer;text-decoration:underline;\">Gerir o seu consentimento.<\/a> <\/div><\/p>\n\n\n<p data-block-type=\"core\"><table class=\"cookielawinfo-row-cat-table cookielawinfo-classic\"><thead><tr><th class=\"cookielawinfo-column-1\">Cookie<\/th><th class=\"cookielawinfo-column-2\">Tipo<\/th><th class=\"cookielawinfo-column-3\">Dura\u00e7\u00e3o<\/th><th class=\"cookielawinfo-column-4\">Descri\u00e7\u00e3o<\/th><\/tr><\/thead><tbody><tr class=\"cookielawinfo-row\"><td class=\"cookielawinfo-column-1\">_ga<\/td><td class=\"cookielawinfo-column-2\"><\/td><td class=\"cookielawinfo-column-3\">2 years<\/td><td class=\"cookielawinfo-column-4\">Registers an unique ID that is used to generate statistical data about how the visitor uses the site.<\/td><\/tr><tr class=\"cookielawinfo-row\"><td class=\"cookielawinfo-column-1\">_ga_6KCNV64X95<\/td><td class=\"cookielawinfo-column-2\"><\/td><td class=\"cookielawinfo-column-3\">2 years<\/td><td class=\"cookielawinfo-column-4\">Used to maintain session state.<\/td><\/tr><tr class=\"cookielawinfo-row\"><td class=\"cookielawinfo-column-1\">cookielawinfo-checkbox-analytics<\/td><td class=\"cookielawinfo-column-2\">0<\/td><td class=\"cookielawinfo-column-3\">11 months<\/td><td class=\"cookielawinfo-column-4\">Este cookie \u00e9 definido pelo plug-in GDPR Cookie Consent. O cookie \u00e9 usado para armazenar o consentimento do utilizador para os cookies na categoria \"Estat\u00edsticas\".<\/td><\/tr><tr class=\"cookielawinfo-row\"><td class=\"cookielawinfo-column-1\">cookielawinfo-checkbox-functional<\/td><td class=\"cookielawinfo-column-2\">0<\/td><td class=\"cookielawinfo-column-3\">11 months<\/td><td class=\"cookielawinfo-column-4\">The cookie is set by GDPR cookie consent to record the user consent for the cookies in the category \"Functional\".<\/td><\/tr><tr class=\"cookielawinfo-row\"><td class=\"cookielawinfo-column-1\">cookielawinfo-checkbox-marketing<\/td><td class=\"cookielawinfo-column-2\"><\/td><td class=\"cookielawinfo-column-3\">11 months<\/td><td class=\"cookielawinfo-column-4\">O cookie \u00e9 definido pelo consentimento do cookie GDPR para registar o consentimento do utilizador para os cookies na categoria \"Marketing\".<\/td><\/tr><tr class=\"cookielawinfo-row\"><td class=\"cookielawinfo-column-1\">cookielawinfo-checkbox-necessary<\/td><td class=\"cookielawinfo-column-2\">0<\/td><td class=\"cookielawinfo-column-3\">11 months<\/td><td class=\"cookielawinfo-column-4\">This cookie is set by GDPR Cookie Consent plugin. The cookies is used to store the user consent for the cookies in the category \"Necessary\".<\/td><\/tr><tr class=\"cookielawinfo-row\"><td class=\"cookielawinfo-column-1\">cookielawinfo-checkbox-others<\/td><td class=\"cookielawinfo-column-2\">0<\/td><td class=\"cookielawinfo-column-3\">11 months<\/td><td class=\"cookielawinfo-column-4\">This cookie is set by GDPR Cookie Consent plugin. The cookie is used to store the user consent for the cookies in the category \"Other.<\/td><\/tr><tr class=\"cookielawinfo-row\"><td class=\"cookielawinfo-column-1\">cookielawinfo-checkbox-performance<\/td><td class=\"cookielawinfo-column-2\">0<\/td><td class=\"cookielawinfo-column-3\">11 months<\/td><td class=\"cookielawinfo-column-4\">This cookie is set by GDPR Cookie Consent plugin. The cookie is used to store the user consent for the cookies in the category \"Performance\".<\/td><\/tr><tr class=\"cookielawinfo-row\"><td class=\"cookielawinfo-column-1\">viewed_cookie_policy<\/td><td class=\"cookielawinfo-column-2\">0<\/td><td class=\"cookielawinfo-column-3\">11 months<\/td><td class=\"cookielawinfo-column-4\">The cookie is set by the GDPR Cookie Consent plugin and is used to store whether or not user has consented to the use of cookies. It does not store any personal data.<\/td><\/tr><\/tbody><\/table><\/p>","protected":false},"excerpt":{"rendered":"","protected":false},"author":1,"featured_media":0,"parent":0,"menu_order":5,"comment_status":"closed","ping_status":"closed","template":"","meta":{"qubely_global_settings":"","qubely_interactions":""},"blocksy_meta":{"styles_descriptor":{"styles":{"desktop":"","tablet":"","mobile":""},"google_fonts":[]}},"featured_image_urls":{"full":"","thumbnail":"","medium":"","medium_large":"","large":"","1536x1536":"","2048x2048":"","trp-custom-language-flag":"","qubely_landscape":"","qubely_portrait":"","qubely_thumbnail":""},"post_excerpt_stackable":"<p>Pol\u00edtica de Cookies da\u00a0SoenfusteNo nosso site recolhemos e utilizamos a informa\u00e7\u00e3o de acordo com a nossa\u00a0Pol\u00edtica de Privacidade.Uma das formas de recolher informa\u00e7\u00e3o \u00e9 atrav\u00e9s da tecnologia\u00a0\u201ccookies\u201d. O que \u00e9 um \u201ccookie\u201d?Um \u201ccookie\u201d \u00e9 uma pequena quantidade de\u00a0texto\u00a0que \u00e9 armazenada no seu\u00a0browser\u00a0quando navega na internet, cujo objetivo \u00e9 proporcionar uma\u00a0melhor e mais personalizada experi\u00eancia de navega\u00e7\u00e3o\u00a0no nosso site. O que n\u00e3o \u00e9 um \u201ccookie\u201d?Um \u201ccookie\u201d\u00a0n\u00e3o \u00e9\u00a0um\u00a0v\u00edrus, um\u00a0cavalo de Troia,\u00a0spam,\u00a0spyware,\u00a0nem abre janelas pop-up. Que informa\u00e7\u00e3o \u00e9 armazenada pelo \u201ccookie\u201d?Os \u201ccookies\u201d\u00a0n\u00e3o armazenam informa\u00e7\u00e3o confidencial do utilizador, como cart\u00f5es de cr\u00e9dito, dados banc\u00e1rios ou documentos pessoais. A sua fun\u00e7\u00e3o \u00e9\u00a0armazenar\u00a0dados t\u00e9cnicos e estat\u00edsticos,\u00a0prefer\u00eancias&hellip;<\/p>\n","category_list":"","author_info":{"name":"Soenfuste","url":"https:\/\/soenfuste.pt\/en\/author\/sf_wpuser\/"},"comments_num":"0 comments","featured_image_urls_v2":{"full":"","thumbnail":"","medium":"","medium_large":"","large":"","1536x1536":"","2048x2048":"","trp-custom-language-flag":"","qubely_landscape":"","qubely_portrait":"","qubely_thumbnail":""},"post_excerpt_stackable_v2":"<p>Pol\u00edtica de Cookies da\u00a0SoenfusteNo nosso site recolhemos e utilizamos a informa\u00e7\u00e3o de acordo com a nossa\u00a0Pol\u00edtica de Privacidade.Uma das formas de recolher informa\u00e7\u00e3o \u00e9 atrav\u00e9s da tecnologia\u00a0\u201ccookies\u201d. O que \u00e9 um \u201ccookie\u201d?Um \u201ccookie\u201d \u00e9 uma pequena quantidade de\u00a0texto\u00a0que \u00e9 armazenada no seu\u00a0browser\u00a0quando navega na internet, cujo objetivo \u00e9 proporcionar uma\u00a0melhor e mais personalizada experi\u00eancia de navega\u00e7\u00e3o\u00a0no nosso site. O que n\u00e3o \u00e9 um \u201ccookie\u201d?Um \u201ccookie\u201d\u00a0n\u00e3o \u00e9\u00a0um\u00a0v\u00edrus, um\u00a0cavalo de Troia,\u00a0spam,\u00a0spyware,\u00a0nem abre janelas pop-up. Que informa\u00e7\u00e3o \u00e9 armazenada pelo \u201ccookie\u201d?Os \u201ccookies\u201d\u00a0n\u00e3o armazenam informa\u00e7\u00e3o confidencial do utilizador, como cart\u00f5es de cr\u00e9dito, dados banc\u00e1rios ou documentos pessoais. A sua fun\u00e7\u00e3o \u00e9\u00a0armazenar\u00a0dados t\u00e9cnicos e estat\u00edsticos,\u00a0prefer\u00eancias&hellip;<\/p>\n","category_list_v2":"","author_info_v2":{"name":"Soenfuste","url":"https:\/\/soenfuste.pt\/en\/author\/sf_wpuser\/"},"comments_num_v2":"0 comments","yoast_head":"<!-- This site is optimized with the Yoast SEO plugin v20.11 - https:\/\/yoast.com\/wordpress\/plugins\/seo\/ -->\n<title>Pol\u00edtica de Cookies | SOENFUSTE<\/title>\n<meta name=\"robots\" content=\"index, follow, max-snippet:-1, max-image-preview:large, max-video-preview:-1\" \/>\n<link rel=\"canonical\" href=\"https:\/\/soenfuste.pt\/en\/politica-de-cookies\/\" \/>\n<meta property=\"og:locale\" content=\"en_US\" \/>\n<meta property=\"og:type\" content=\"article\" \/>\n<meta property=\"og:title\" content=\"Pol\u00edtica de Cookies | SOENFUSTE\" \/>\n<meta property=\"og:url\" content=\"https:\/\/soenfuste.pt\/en\/politica-de-cookies\/\" \/>\n<meta property=\"og:site_name\" content=\"SOENFUSTE\" \/>\n<meta property=\"article:modified_time\" content=\"2022-02-03T15:15:19+00:00\" \/>\n<meta name=\"twitter:card\" content=\"summary_large_image\" \/>\n<meta name=\"twitter:label1\" content=\"Est. reading time\" \/>\n\t<meta name=\"twitter:data1\" content=\"2 minutes\" \/>\n<script type=\"application\/ld+json\" class=\"yoast-schema-graph\">{\"@context\":\"https:\/\/schema.org\",\"@graph\":[{\"@type\":\"WebPage\",\"@id\":\"https:\/\/soenfuste.pt\/politica-de-cookies\/\",\"url\":\"https:\/\/soenfuste.pt\/politica-de-cookies\/\",\"name\":\"Pol\u00edtica de Cookies | SOENFUSTE\",\"isPartOf\":{\"@id\":\"https:\/\/soenfuste.pt\/#website\"},\"datePublished\":\"2021-08-30T16:44:56+00:00\",\"dateModified\":\"2022-02-03T15:15:19+00:00\",\"breadcrumb\":{\"@id\":\"https:\/\/soenfuste.pt\/politica-de-cookies\/#breadcrumb\"},\"inLanguage\":\"en-US\",\"potentialAction\":[{\"@type\":\"ReadAction\",\"target\":[\"https:\/\/soenfuste.pt\/politica-de-cookies\/\"]}]},{\"@type\":\"BreadcrumbList\",\"@id\":\"https:\/\/soenfuste.pt\/politica-de-cookies\/#breadcrumb\",\"itemListElement\":[{\"@type\":\"ListItem\",\"position\":1,\"name\":\"In\u00edcio\",\"item\":\"https:\/\/soenfuste.pt\/\"},{\"@type\":\"ListItem\",\"position\":2,\"name\":\"Pol\u00edtica de Cookies\"}]},{\"@type\":\"WebSite\",\"@id\":\"https:\/\/soenfuste.pt\/#website\",\"url\":\"https:\/\/soenfuste.pt\/\",\"name\":\"SOENFUSTE\",\"description\":\"Fabrico de Almas para Cal\u00e7ado\",\"publisher\":{\"@id\":\"https:\/\/soenfuste.pt\/#organization\"},\"potentialAction\":[{\"@type\":\"SearchAction\",\"target\":{\"@type\":\"EntryPoint\",\"urlTemplate\":\"https:\/\/soenfuste.pt\/?s={search_term_string}\"},\"query-input\":\"required name=search_term_string\"}],\"inLanguage\":\"en-US\"},{\"@type\":\"Organization\",\"@id\":\"https:\/\/soenfuste.pt\/#organization\",\"name\":\"Soenfuste\",\"url\":\"https:\/\/soenfuste.pt\/\",\"logo\":{\"@type\":\"ImageObject\",\"inLanguage\":\"en-US\",\"@id\":\"https:\/\/soenfuste.pt\/#\/schema\/logo\/image\/\",\"url\":\"https:\/\/soenfuste.pt\/wp-content\/uploads\/2021\/08\/logo-preto-2021.png\",\"contentUrl\":\"https:\/\/soenfuste.pt\/wp-content\/uploads\/2021\/08\/logo-preto-2021.png\",\"width\":372,\"height\":103,\"caption\":\"Soenfuste\"},\"image\":{\"@id\":\"https:\/\/soenfuste.pt\/#\/schema\/logo\/image\/\"}}]}<\/script>\n<!-- \/ Yoast SEO plugin. -->","yoast_head_json":{"title":"Pol\u00edtica de Cookies | SOENFUSTE","robots":{"index":"index","follow":"follow","max-snippet":"max-snippet:-1","max-image-preview":"max-image-preview:large","max-video-preview":"max-video-preview:-1"},"canonical":"https:\/\/soenfuste.pt\/en\/politica-de-cookies\/","og_locale":"en_US","og_type":"article","og_title":"Pol\u00edtica de Cookies | SOENFUSTE","og_url":"https:\/\/soenfuste.pt\/en\/politica-de-cookies\/","og_site_name":"SOENFUSTE","article_modified_time":"2022-02-03T15:15:19+00:00","twitter_card":"summary_large_image","twitter_misc":{"Est. reading time":"2 minutes"},"schema":{"@context":"https:\/\/schema.org","@graph":[{"@type":"WebPage","@id":"https:\/\/soenfuste.pt\/politica-de-cookies\/","url":"https:\/\/soenfuste.pt\/politica-de-cookies\/","name":"Pol\u00edtica de Cookies | SOENFUSTE","isPartOf":{"@id":"https:\/\/soenfuste.pt\/#website"},"datePublished":"2021-08-30T16:44:56+00:00","dateModified":"2022-02-03T15:15:19+00:00","breadcrumb":{"@id":"https:\/\/soenfuste.pt\/politica-de-cookies\/#breadcrumb"},"inLanguage":"en-US","potentialAction":[{"@type":"ReadAction","target":["https:\/\/soenfuste.pt\/politica-de-cookies\/"]}]},{"@type":"BreadcrumbList","@id":"https:\/\/soenfuste.pt\/politica-de-cookies\/#breadcrumb","itemListElement":[{"@type":"ListItem","position":1,"name":"In\u00edcio","item":"https:\/\/soenfuste.pt\/"},{"@type":"ListItem","position":2,"name":"Pol\u00edtica de Cookies"}]},{"@type":"WebSite","@id":"https:\/\/soenfuste.pt\/#website","url":"https:\/\/soenfuste.pt\/","name":"SOENFUSTE","description":"Fabrico de Almas para Cal\u00e7ado","publisher":{"@id":"https:\/\/soenfuste.pt\/#organization"},"potentialAction":[{"@type":"SearchAction","target":{"@type":"EntryPoint","urlTemplate":"https:\/\/soenfuste.pt\/?s={search_term_string}"},"query-input":"required name=search_term_string"}],"inLanguage":"en-US"},{"@type":"Organization","@id":"https:\/\/soenfuste.pt\/#organization","name":"Soenfuste","url":"https:\/\/soenfuste.pt\/","logo":{"@type":"ImageObject","inLanguage":"en-US","@id":"https:\/\/soenfuste.pt\/#\/schema\/logo\/image\/","url":"https:\/\/soenfuste.pt\/wp-content\/uploads\/2021\/08\/logo-preto-2021.png","contentUrl":"https:\/\/soenfuste.pt\/wp-content\/uploads\/2021\/08\/logo-preto-2021.png","width":372,"height":103,"caption":"Soenfuste"},"image":{"@id":"https:\/\/soenfuste.pt\/#\/schema\/logo\/image\/"}}]}},"_links":{"self":[{"href":"https:\/\/soenfuste.pt\/en\/wp-json\/wp\/v2\/pages\/1715"}],"collection":[{"href":"https:\/\/soenfuste.pt\/en\/wp-json\/wp\/v2\/pages"}],"about":[{"href":"https:\/\/soenfuste.pt\/en\/wp-json\/wp\/v2\/types\/page"}],"author":[{"embeddable":true,"href":"https:\/\/soenfuste.pt\/en\/wp-json\/wp\/v2\/users\/1"}],"replies":[{"embeddable":true,"href":"https:\/\/soenfuste.pt\/en\/wp-json\/wp\/v2\/comments?post=1715"}],"version-history":[{"count":47,"href":"https:\/\/soenfuste.pt\/en\/wp-json\/wp\/v2\/pages\/1715\/revisions"}],"predecessor-version":[{"id":2112,"href":"https:\/\/soenfuste.pt\/en\/wp-json\/wp\/v2\/pages\/1715\/revisions\/2112"}],"wp:attachment":[{"href":"https:\/\/soenfuste.pt\/en\/wp-json\/wp\/v2\/media?parent=1715"}],"curies":[{"name":"wp","href":"https:\/\/api.w.org\/{rel}","templated":true}]}}